{"id":1109,"date":"2022-01-17T15:37:33","date_gmt":"2022-01-17T14:37:33","guid":{"rendered":"https:\/\/associationfamiliale.fr\/afib\/?page_id=1109"},"modified":"2022-09-12T12:51:00","modified_gmt":"2022-09-12T10:51:00","slug":"vetafib-2","status":"publish","type":"page","link":"https:\/\/afib-bvs.fr\/index.php\/vetafib-2\/","title":{"rendered":"VET&rsquo;AFIB"},"content":{"rendered":"\n<div class=\"wp-block-cover is-light\" data-block-type=\"core\"><span aria-hidden=\"true\" class=\"wp-block-cover__background has-background-dim-10 has-background-dim\"><\/span><img decoding=\"async\" class=\"wp-block-cover__image-background\" alt=\"\" src=\"https:\/\/afib-beauvais-02.webself.net\/file\/si751729\/image003-fi13337216x470.jpg\" data-object-fit=\"cover\"\/><div class=\"wp-block-cover__inner-container is-layout-flow wp-block-cover-is-layout-flow\">\n<div class=\"wp-block-stackable-heading stk-block-heading stk-block stk-2288e71\" data-block-id=\"2288e71\"><style>.stk-2288e71 .stk-block-heading__text{color:#fafafa !important}<\/style><h2 class=\"stk-block-heading__text has-text-color\"><strong>VET&rsquo;AFIB<\/strong> <\/h2><\/div>\n\n\n\n<div class=\"wp-block-stackable-heading stk-block-heading stk-block stk-06f2a1a\" data-block-id=\"06f2a1a\"><style>.stk-06f2a1a .stk-block-heading__text{color:#f7f5f5 !important}<\/style><h2 class=\"stk-block-heading__text has-text-color has-text-align-center\">S&rsquo;habiller \u00e0 tout petit prix !<\/h2><\/div>\n<\/div><\/div>\n\n\n\n<h4 class=\"wp-block-heading\" id=\"vet-afib-est-un-magasin-qui-a-pour-but-de-vendre-des-vetements-et-accessoires-de-seconde-main-a-petits-prix\"><strong>VET&rsquo;AFIB est un magasin de vente de v\u00eatements et accessoires de seconde main \u00e0 petits prix.<\/strong><\/h4>\n\n\n\n<figure class=\"wp-block-image alignright is-resized\" data-block-type=\"core\"><img loading=\"lazy\" decoding=\"async\" src=\"https:\/\/afib-beauvais-02.webself.net\/file\/si751729\/DSC_0788-fi13343080x510.JPG\" alt=\"DSC_0788.JPG\" width=\"480\" height=\"270\"\/><\/figure>\n\n\n\n<p data-block-type=\"core\">Cette activit\u00e9 est un \u00e9l\u00e9ment essentiel de notre association.&nbsp; Les dons sont tri\u00e9s, lav\u00e9s et retouch\u00e9s par nos b\u00e9n\u00e9voles avant d\u2019\u00eatre mis en vente.<\/p>\n\n\n\n<p data-block-type=\"core\">Nous avons \u00e0 c\u0153ur de pr\u00e9senter une boutique agr\u00e9able !<\/p>\n\n\n\n<p data-block-type=\"core\">A l\u2019AFIB, aucun v\u00eatement n\u2019est jet\u00e9 ; tout est vendu, redistribu\u00e9 ou dirig\u00e9 vers d\u2019autres associations. Les dons consid\u00e9r\u00e9s impropres \u00e0 la revente sont recycl\u00e9s.<\/p>\n\n\n\n<p data-block-type=\"core\">VET&rsquo;AFIB a toujours besoin de v\u00eatements, de chaussures enfants et adultes, de linge de maison, d&rsquo;accessoires (sacs \u00e0 main, bijoux fantaisie, ceintures&#8230;), de jeux ou de jouets, alors n&rsquo;h\u00e9sitez pas \u00e0 all\u00e9ger vos armoires.<\/p>\n\n\n\n<figure class=\"wp-block-image alignleft size-large is-resized\" data-block-type=\"core\"><img loading=\"lazy\" decoding=\"async\" src=\"https:\/\/associationfamiliale.fr\/afib\/wp-content\/uploads\/2022\/01\/20220119_153252-768x1024.jpg\" alt=\"\" class=\"wp-image-1194\" width=\"294\" height=\"392\" srcset=\"https:\/\/afib-bvs.fr\/afib\/wp-content\/uploads\/2022\/01\/20220119_153252-768x1024.jpg 768w, https:\/\/afib-bvs.fr\/afib\/wp-content\/uploads\/2022\/01\/20220119_153252-225x300.jpg 225w, https:\/\/afib-bvs.fr\/afib\/wp-content\/uploads\/2022\/01\/20220119_153252-1152x1536.jpg 1152w, https:\/\/afib-bvs.fr\/afib\/wp-content\/uploads\/2022\/01\/20220119_153252-1536x2048.jpg 1536w, https:\/\/afib-bvs.fr\/afib\/wp-content\/uploads\/2022\/01\/20220119_153252-scaled.jpg 1920w\" sizes=\"auto, (max-width: 294px) 100vw, 294px\" \/><\/figure>\n\n\n\n<p data-block-type=\"core\">En raison d&rsquo;un manque de place, nous n&rsquo;acceptons pas les dons de vaisselle.<\/p>\n\n\n\n<p data-block-type=\"core\">Merci de <strong>prendre rendez-vous<\/strong> pour d\u00e9poser vos dons.<\/p>\n\n\n\n<p data-block-type=\"core\"><strong>Le magasin est ouvert \u00e0 tout public sans condition de ressources,<\/strong> <strong>les mercredi et jeudi de 12h00 \u00e0 16h30<\/strong><\/p>\n\n\n\n<div style=\"height:55px\" aria-hidden=\"true\" class=\"wp-block-spacer\" data-block-type=\"core\"><\/div>\n","protected":false},"excerpt":{"rendered":"<p>VET&rsquo;AFIB est un magasin de vente de v\u00eatements et accessoires de seconde main \u00e0 petits prix. Cette activit\u00e9 est un \u00e9l\u00e9ment essentiel de notre association.&nbsp; Les dons sont tri\u00e9s, lav\u00e9s et retouch\u00e9s par nos b\u00e9n\u00e9voles avant d\u2019\u00eatre mis en vente. Nous avons \u00e0 c\u0153ur de pr\u00e9senter une boutique agr\u00e9able ! A l\u2019AFIB, aucun v\u00eatement n\u2019est [&hellip;]<\/p>\n","protected":false},"author":1,"featured_media":0,"parent":0,"menu_order":0,"comment_status":"closed","ping_status":"closed","template":"","meta":{"footnotes":""},"class_list":["post-1109","page","type-page","status-publish","hentry"],"blocksy_meta":{"styles_descriptor":{"styles":{"desktop":"","tablet":"","mobile":""},"google_fonts":[],"version":6}},"featured_image_urls_v2":{"full":"","thumbnail":"","medium":"","medium_large":"","large":"","1536x1536":"","2048x2048":""},"post_excerpt_stackable_v2":"<p>VET&rsquo;AFIB S&rsquo;habiller \u00e0 tout petit prix ! VET&rsquo;AFIB est un magasin de vente de v\u00eatements et accessoires de seconde main \u00e0 petits prix. Cette activit\u00e9 est un \u00e9l\u00e9ment essentiel de notre association.&nbsp; Les dons sont tri\u00e9s, lav\u00e9s et retouch\u00e9s par nos b\u00e9n\u00e9voles avant d\u2019\u00eatre mis en vente. Nous avons \u00e0 c\u0153ur de pr\u00e9senter une boutique agr\u00e9able ! A l\u2019AFIB, aucun v\u00eatement n\u2019est jet\u00e9 ; tout est vendu, redistribu\u00e9 ou dirig\u00e9 vers d\u2019autres associations. Les dons consid\u00e9r\u00e9s impropres \u00e0 la revente sont recycl\u00e9s. VET&rsquo;AFIB a toujours besoin de v\u00eatements, de chaussures enfants et adultes, de linge de maison, d&rsquo;accessoires (sacs \u00e0\u2026<\/p>\n","category_list_v2":"","author_info_v2":{"name":"admafib","url":"https:\/\/afib-bvs.fr\/index.php\/author\/admafib\/"},"comments_num_v2":"0 commentaire","yoast_head":"<!-- This site is optimized with the Yoast SEO plugin v27.5 - https:\/\/yoast.com\/product\/yoast-seo-wordpress\/ -->\n<title>AFIB - Association Familiale Intercommunale de Beauvais - VET&#039;AFIB<\/title>\n<meta name=\"description\" content=\"L\u2019AFIB fid\u00e8le \u00e0 ses valeurs familiales de citoyennet\u00e9 et de la\u00efcit\u00e9, propose des services dans un cadre familial.\" \/>\n<meta name=\"robots\" content=\"index, follow, max-snippet:-1, max-image-preview:large, max-video-preview:-1\" \/>\n<link rel=\"canonical\" href=\"https:\/\/afib-bvs.fr\/index.php\/vetafib-2\/\" \/>\n<meta property=\"og:locale\" content=\"fr_FR\" \/>\n<meta property=\"og:type\" content=\"article\" \/>\n<meta property=\"og:title\" content=\"AFIB - Association Familiale Intercommunale de Beauvais - VET&#039;AFIB\" \/>\n<meta property=\"og:description\" content=\"L\u2019AFIB fid\u00e8le \u00e0 ses valeurs familiales de citoyennet\u00e9 et de la\u00efcit\u00e9, propose des services dans un cadre familial.\" \/>\n<meta property=\"og:url\" content=\"https:\/\/afib-bvs.fr\/index.php\/vetafib-2\/\" \/>\n<meta property=\"og:site_name\" content=\"AFIB - Association Familiale Intercommunale de Beauvais\" \/>\n<meta property=\"article:publisher\" content=\"https:\/\/www.facebook.com\/afibeauvais60\" \/>\n<meta property=\"article:modified_time\" content=\"2022-09-12T10:51:00+00:00\" \/>\n<meta property=\"og:image\" content=\"https:\/\/afib-beauvais-02.webself.net\/file\/si751729\/image003-fi13337216x470.jpg\" \/>\n<meta name=\"twitter:card\" content=\"summary_large_image\" \/>\n<meta name=\"twitter:label1\" content=\"Dur\u00e9e de lecture estim\u00e9e\" \/>\n\t<meta name=\"twitter:data1\" content=\"2 minutes\" \/>\n<script type=\"application\/ld+json\" class=\"yoast-schema-graph\">{\"@context\":\"https:\\\/\\\/schema.org\",\"@graph\":[{\"@type\":\"WebPage\",\"@id\":\"https:\\\/\\\/afib-bvs.fr\\\/index.php\\\/vetafib-2\\\/\",\"url\":\"https:\\\/\\\/afib-bvs.fr\\\/index.php\\\/vetafib-2\\\/\",\"name\":\"AFIB - Association Familiale Intercommunale de Beauvais - VET'AFIB\",\"isPartOf\":{\"@id\":\"https:\\\/\\\/afib-bvs.fr\\\/#website\"},\"primaryImageOfPage\":{\"@id\":\"https:\\\/\\\/afib-bvs.fr\\\/index.php\\\/vetafib-2\\\/#primaryimage\"},\"image\":{\"@id\":\"https:\\\/\\\/afib-bvs.fr\\\/index.php\\\/vetafib-2\\\/#primaryimage\"},\"thumbnailUrl\":\"https:\\\/\\\/afib-beauvais-02.webself.net\\\/file\\\/si751729\\\/image003-fi13337216x470.jpg\",\"datePublished\":\"2022-01-17T14:37:33+00:00\",\"dateModified\":\"2022-09-12T10:51:00+00:00\",\"description\":\"L\u2019AFIB fid\u00e8le \u00e0 ses valeurs familiales de citoyennet\u00e9 et de la\u00efcit\u00e9, propose des services dans un cadre familial.\",\"breadcrumb\":{\"@id\":\"https:\\\/\\\/afib-bvs.fr\\\/index.php\\\/vetafib-2\\\/#breadcrumb\"},\"inLanguage\":\"fr-FR\",\"potentialAction\":[{\"@type\":\"ReadAction\",\"target\":[\"https:\\\/\\\/afib-bvs.fr\\\/index.php\\\/vetafib-2\\\/\"]}]},{\"@type\":\"ImageObject\",\"inLanguage\":\"fr-FR\",\"@id\":\"https:\\\/\\\/afib-bvs.fr\\\/index.php\\\/vetafib-2\\\/#primaryimage\",\"url\":\"https:\\\/\\\/afib-beauvais-02.webself.net\\\/file\\\/si751729\\\/image003-fi13337216x470.jpg\",\"contentUrl\":\"https:\\\/\\\/afib-beauvais-02.webself.net\\\/file\\\/si751729\\\/image003-fi13337216x470.jpg\"},{\"@type\":\"BreadcrumbList\",\"@id\":\"https:\\\/\\\/afib-bvs.fr\\\/index.php\\\/vetafib-2\\\/#breadcrumb\",\"itemListElement\":[{\"@type\":\"ListItem\",\"position\":1,\"name\":\"Accueil\",\"item\":\"https:\\\/\\\/afib-bvs.fr\\\/\"},{\"@type\":\"ListItem\",\"position\":2,\"name\":\"VET&rsquo;AFIB\"}]},{\"@type\":\"WebSite\",\"@id\":\"https:\\\/\\\/afib-bvs.fr\\\/#website\",\"url\":\"https:\\\/\\\/afib-bvs.fr\\\/\",\"name\":\"AFIB - Association Familiale Intercommunale de Beauvais\",\"description\":\"&quot;Au service des familles&quot;\",\"publisher\":{\"@id\":\"https:\\\/\\\/afib-bvs.fr\\\/#organization\"},\"potentialAction\":[{\"@type\":\"SearchAction\",\"target\":{\"@type\":\"EntryPoint\",\"urlTemplate\":\"https:\\\/\\\/afib-bvs.fr\\\/?s={search_term_string}\"},\"query-input\":{\"@type\":\"PropertyValueSpecification\",\"valueRequired\":true,\"valueName\":\"search_term_string\"}}],\"inLanguage\":\"fr-FR\"},{\"@type\":\"Organization\",\"@id\":\"https:\\\/\\\/afib-bvs.fr\\\/#organization\",\"name\":\"AFIB - Association Familiale Intercommunale de Beauvais\",\"url\":\"https:\\\/\\\/afib-bvs.fr\\\/\",\"logo\":{\"@type\":\"ImageObject\",\"inLanguage\":\"fr-FR\",\"@id\":\"https:\\\/\\\/afib-bvs.fr\\\/#\\\/schema\\\/logo\\\/image\\\/\",\"url\":\"https:\\\/\\\/afib-bvs.fr\\\/afib\\\/wp-content\\\/uploads\\\/2022\\\/12\\\/LOGO-AFIB_min2.jpg\",\"contentUrl\":\"https:\\\/\\\/afib-bvs.fr\\\/afib\\\/wp-content\\\/uploads\\\/2022\\\/12\\\/LOGO-AFIB_min2.jpg\",\"width\":810,\"height\":1299,\"caption\":\"AFIB - Association Familiale Intercommunale de Beauvais\"},\"image\":{\"@id\":\"https:\\\/\\\/afib-bvs.fr\\\/#\\\/schema\\\/logo\\\/image\\\/\"},\"sameAs\":[\"https:\\\/\\\/www.facebook.com\\\/afibeauvais60\"]}]}<\/script>\n<!-- \/ Yoast SEO plugin. -->","yoast_head_json":{"title":"AFIB - Association Familiale Intercommunale de Beauvais - VET'AFIB","description":"L\u2019AFIB fid\u00e8le \u00e0 ses valeurs familiales de citoyennet\u00e9 et de la\u00efcit\u00e9, propose des services dans un cadre familial.","robots":{"index":"index","follow":"follow","max-snippet":"max-snippet:-1","max-image-preview":"max-image-preview:large","max-video-preview":"max-video-preview:-1"},"canonical":"https:\/\/afib-bvs.fr\/index.php\/vetafib-2\/","og_locale":"fr_FR","og_type":"article","og_title":"AFIB - Association Familiale Intercommunale de Beauvais - VET'AFIB","og_description":"L\u2019AFIB fid\u00e8le \u00e0 ses valeurs familiales de citoyennet\u00e9 et de la\u00efcit\u00e9, propose des services dans un cadre familial.","og_url":"https:\/\/afib-bvs.fr\/index.php\/vetafib-2\/","og_site_name":"AFIB - Association Familiale Intercommunale de Beauvais","article_publisher":"https:\/\/www.facebook.com\/afibeauvais60","article_modified_time":"2022-09-12T10:51:00+00:00","og_image":[{"url":"https:\/\/afib-beauvais-02.webself.net\/file\/si751729\/image003-fi13337216x470.jpg","type":"","width":"","height":""}],"twitter_card":"summary_large_image","twitter_misc":{"Dur\u00e9e de lecture estim\u00e9e":"2 minutes"},"schema":{"@context":"https:\/\/schema.org","@graph":[{"@type":"WebPage","@id":"https:\/\/afib-bvs.fr\/index.php\/vetafib-2\/","url":"https:\/\/afib-bvs.fr\/index.php\/vetafib-2\/","name":"AFIB - Association Familiale Intercommunale de Beauvais - VET'AFIB","isPartOf":{"@id":"https:\/\/afib-bvs.fr\/#website"},"primaryImageOfPage":{"@id":"https:\/\/afib-bvs.fr\/index.php\/vetafib-2\/#primaryimage"},"image":{"@id":"https:\/\/afib-bvs.fr\/index.php\/vetafib-2\/#primaryimage"},"thumbnailUrl":"https:\/\/afib-beauvais-02.webself.net\/file\/si751729\/image003-fi13337216x470.jpg","datePublished":"2022-01-17T14:37:33+00:00","dateModified":"2022-09-12T10:51:00+00:00","description":"L\u2019AFIB fid\u00e8le \u00e0 ses valeurs familiales de citoyennet\u00e9 et de la\u00efcit\u00e9, propose des services dans un cadre familial.","breadcrumb":{"@id":"https:\/\/afib-bvs.fr\/index.php\/vetafib-2\/#breadcrumb"},"inLanguage":"fr-FR","potentialAction":[{"@type":"ReadAction","target":["https:\/\/afib-bvs.fr\/index.php\/vetafib-2\/"]}]},{"@type":"ImageObject","inLanguage":"fr-FR","@id":"https:\/\/afib-bvs.fr\/index.php\/vetafib-2\/#primaryimage","url":"https:\/\/afib-beauvais-02.webself.net\/file\/si751729\/image003-fi13337216x470.jpg","contentUrl":"https:\/\/afib-beauvais-02.webself.net\/file\/si751729\/image003-fi13337216x470.jpg"},{"@type":"BreadcrumbList","@id":"https:\/\/afib-bvs.fr\/index.php\/vetafib-2\/#breadcrumb","itemListElement":[{"@type":"ListItem","position":1,"name":"Accueil","item":"https:\/\/afib-bvs.fr\/"},{"@type":"ListItem","position":2,"name":"VET&rsquo;AFIB"}]},{"@type":"WebSite","@id":"https:\/\/afib-bvs.fr\/#website","url":"https:\/\/afib-bvs.fr\/","name":"AFIB - Association Familiale Intercommunale de Beauvais","description":"&quot;Au service des familles&quot;","publisher":{"@id":"https:\/\/afib-bvs.fr\/#organization"},"potentialAction":[{"@type":"SearchAction","target":{"@type":"EntryPoint","urlTemplate":"https:\/\/afib-bvs.fr\/?s={search_term_string}"},"query-input":{"@type":"PropertyValueSpecification","valueRequired":true,"valueName":"search_term_string"}}],"inLanguage":"fr-FR"},{"@type":"Organization","@id":"https:\/\/afib-bvs.fr\/#organization","name":"AFIB - Association Familiale Intercommunale de Beauvais","url":"https:\/\/afib-bvs.fr\/","logo":{"@type":"ImageObject","inLanguage":"fr-FR","@id":"https:\/\/afib-bvs.fr\/#\/schema\/logo\/image\/","url":"https:\/\/afib-bvs.fr\/afib\/wp-content\/uploads\/2022\/12\/LOGO-AFIB_min2.jpg","contentUrl":"https:\/\/afib-bvs.fr\/afib\/wp-content\/uploads\/2022\/12\/LOGO-AFIB_min2.jpg","width":810,"height":1299,"caption":"AFIB - Association Familiale Intercommunale de Beauvais"},"image":{"@id":"https:\/\/afib-bvs.fr\/#\/schema\/logo\/image\/"},"sameAs":["https:\/\/www.facebook.com\/afibeauvais60"]}]}},"_links":{"self":[{"href":"https:\/\/afib-bvs.fr\/index.php\/wp-json\/wp\/v2\/pages\/1109","targetHints":{"allow":["GET"]}}],"collection":[{"href":"https:\/\/afib-bvs.fr\/index.php\/wp-json\/wp\/v2\/pages"}],"about":[{"href":"https:\/\/afib-bvs.fr\/index.php\/wp-json\/wp\/v2\/types\/page"}],"author":[{"embeddable":true,"href":"https:\/\/afib-bvs.fr\/index.php\/wp-json\/wp\/v2\/users\/1"}],"replies":[{"embeddable":true,"href":"https:\/\/afib-bvs.fr\/index.php\/wp-json\/wp\/v2\/comments?post=1109"}],"version-history":[{"count":11,"href":"https:\/\/afib-bvs.fr\/index.php\/wp-json\/wp\/v2\/pages\/1109\/revisions"}],"predecessor-version":[{"id":1754,"href":"https:\/\/afib-bvs.fr\/index.php\/wp-json\/wp\/v2\/pages\/1109\/revisions\/1754"}],"wp:attachment":[{"href":"https:\/\/afib-bvs.fr\/index.php\/wp-json\/wp\/v2\/media?parent=1109"}],"curies":[{"name":"wp","href":"https:\/\/api.w.org\/{rel}","templated":true}]}}