{"id":1133,"date":"2022-01-19T18:09:47","date_gmt":"2022-01-19T17:09:47","guid":{"rendered":"https:\/\/associationfamiliale.fr\/afib\/?page_id=1133"},"modified":"2025-11-18T09:44:10","modified_gmt":"2025-11-18T08:44:10","slug":"presse","status":"publish","type":"page","link":"https:\/\/afib-bvs.fr\/index.php\/presse\/","title":{"rendered":"Presse"},"content":{"rendered":"\n<div class=\"wp-block-cover is-light\" data-block-type=\"core\"><img loading=\"lazy\" decoding=\"async\" width=\"1024\" height=\"682\" class=\"wp-block-cover__image-background wp-image-971\" alt=\"\" src=\"https:\/\/associationfamiliale.fr\/afib\/wp-content\/uploads\/2022\/01\/newspapers-pile-of-newspapers-press-3488861-1024x682.jpg\" data-object-fit=\"cover\" srcset=\"https:\/\/afib-bvs.fr\/afib\/wp-content\/uploads\/2022\/01\/newspapers-pile-of-newspapers-press-3488861-1024x682.jpg 1024w, https:\/\/afib-bvs.fr\/afib\/wp-content\/uploads\/2022\/01\/newspapers-pile-of-newspapers-press-3488861-300x200.jpg 300w, https:\/\/afib-bvs.fr\/afib\/wp-content\/uploads\/2022\/01\/newspapers-pile-of-newspapers-press-3488861-768x512.jpg 768w, https:\/\/afib-bvs.fr\/afib\/wp-content\/uploads\/2022\/01\/newspapers-pile-of-newspapers-press-3488861.jpg 1280w\" sizes=\"auto, (max-width: 1024px) 100vw, 1024px\" \/><span aria-hidden=\"true\" class=\"wp-block-cover__background has-background-dim\"><\/span><div class=\"wp-block-cover__inner-container is-layout-flow wp-block-cover-is-layout-flow\">\n<h2 class=\"wp-block-heading\">La presse et nous<\/h2>\n<\/div><\/div>\n\n\n\n<div class=\"wp-block-stackable-posts alignwide stk-block-posts stk--has-container stk-block stk-9ab66a9\" data-block-id=\"9ab66a9\"><style>.stk-9ab66a9 .stk-img-wrapper{width:100% !important;}<\/style><div class=\"stk-inner-blocks stk-content-align stk-9ab66a9-column alignwide\"><div class=\"stk-block-posts__items\"><\/div><div class=\"stk-inner-blocks\"><\/div><\/div><\/div>\n","protected":false},"excerpt":{"rendered":"","protected":false},"author":1,"featured_media":0,"parent":0,"menu_order":0,"comment_status":"closed","ping_status":"closed","template":"","meta":{"footnotes":""},"class_list":["post-1133","page","type-page","status-publish","hentry"],"blocksy_meta":{"styles_descriptor":{"styles":{"desktop":"","tablet":"","mobile":""},"google_fonts":[],"version":6}},"featured_image_urls_v2":{"full":"","thumbnail":"","medium":"","medium_large":"","large":"","1536x1536":"","2048x2048":""},"post_excerpt_stackable_v2":"<p>La presse et nous<\/p>\n","category_list_v2":"","author_info_v2":{"name":"admafib","url":"https:\/\/afib-bvs.fr\/index.php\/author\/admafib\/"},"comments_num_v2":"0 commentaire","yoast_head":"<!-- This site is optimized with the Yoast SEO plugin v27.4 - https:\/\/yoast.com\/product\/yoast-seo-wordpress\/ -->\n<title>AFIB - Association Familiale Intercommunale de Beauvais - Presse<\/title>\n<meta name=\"description\" content=\"L\u2019AFIB fid\u00e8le \u00e0 ses valeurs familiales de citoyennet\u00e9 et de la\u00efcit\u00e9, propose des services dans un cadre familial.\" \/>\n<meta name=\"robots\" content=\"noindex, nofollow\" \/>\n<meta property=\"og:locale\" content=\"fr_FR\" \/>\n<meta property=\"og:type\" content=\"article\" \/>\n<meta property=\"og:title\" content=\"AFIB - Association Familiale Intercommunale de Beauvais - Presse\" \/>\n<meta property=\"og:description\" content=\"L\u2019AFIB fid\u00e8le \u00e0 ses valeurs familiales de citoyennet\u00e9 et de la\u00efcit\u00e9, propose des services dans un cadre familial.\" \/>\n<meta property=\"og:url\" content=\"https:\/\/afib-bvs.fr\/index.php\/presse\/\" \/>\n<meta property=\"og:site_name\" content=\"AFIB - Association Familiale Intercommunale de Beauvais\" \/>\n<meta property=\"article:publisher\" content=\"https:\/\/www.facebook.com\/afibeauvais60\" \/>\n<meta property=\"article:modified_time\" content=\"2025-11-18T08:44:10+00:00\" \/>\n<meta property=\"og:image\" content=\"https:\/\/afib-bvs.fr\/afib\/wp-content\/uploads\/2022\/01\/newspapers-pile-of-newspapers-press-3488861.jpg\" \/>\n\t<meta property=\"og:image:width\" content=\"1280\" \/>\n\t<meta property=\"og:image:height\" content=\"853\" \/>\n\t<meta property=\"og:image:type\" content=\"image\/jpeg\" \/>\n<meta name=\"twitter:card\" content=\"summary_large_image\" \/>\n<script type=\"application\/ld+json\" class=\"yoast-schema-graph\">{\"@context\":\"https:\\\/\\\/schema.org\",\"@graph\":[{\"@type\":\"WebPage\",\"@id\":\"https:\\\/\\\/afib-bvs.fr\\\/index.php\\\/presse\\\/\",\"url\":\"https:\\\/\\\/afib-bvs.fr\\\/index.php\\\/presse\\\/\",\"name\":\"AFIB - Association Familiale Intercommunale de Beauvais - Presse\",\"isPartOf\":{\"@id\":\"https:\\\/\\\/afib-bvs.fr\\\/#website\"},\"primaryImageOfPage\":{\"@id\":\"https:\\\/\\\/afib-bvs.fr\\\/index.php\\\/presse\\\/#primaryimage\"},\"image\":{\"@id\":\"https:\\\/\\\/afib-bvs.fr\\\/index.php\\\/presse\\\/#primaryimage\"},\"thumbnailUrl\":\"https:\\\/\\\/associationfamiliale.fr\\\/afib\\\/wp-content\\\/uploads\\\/2022\\\/01\\\/newspapers-pile-of-newspapers-press-3488861-1024x682.jpg\",\"datePublished\":\"2022-01-19T17:09:47+00:00\",\"dateModified\":\"2025-11-18T08:44:10+00:00\",\"description\":\"L\u2019AFIB fid\u00e8le \u00e0 ses valeurs familiales de citoyennet\u00e9 et de la\u00efcit\u00e9, propose des services dans un cadre familial.\",\"breadcrumb\":{\"@id\":\"https:\\\/\\\/afib-bvs.fr\\\/index.php\\\/presse\\\/#breadcrumb\"},\"inLanguage\":\"fr-FR\",\"potentialAction\":[{\"@type\":\"ReadAction\",\"target\":[\"https:\\\/\\\/afib-bvs.fr\\\/index.php\\\/presse\\\/\"]}]},{\"@type\":\"ImageObject\",\"inLanguage\":\"fr-FR\",\"@id\":\"https:\\\/\\\/afib-bvs.fr\\\/index.php\\\/presse\\\/#primaryimage\",\"url\":\"https:\\\/\\\/associationfamiliale.fr\\\/afib\\\/wp-content\\\/uploads\\\/2022\\\/01\\\/newspapers-pile-of-newspapers-press-3488861-1024x682.jpg\",\"contentUrl\":\"https:\\\/\\\/associationfamiliale.fr\\\/afib\\\/wp-content\\\/uploads\\\/2022\\\/01\\\/newspapers-pile-of-newspapers-press-3488861-1024x682.jpg\"},{\"@type\":\"BreadcrumbList\",\"@id\":\"https:\\\/\\\/afib-bvs.fr\\\/index.php\\\/presse\\\/#breadcrumb\",\"itemListElement\":[{\"@type\":\"ListItem\",\"position\":1,\"name\":\"Accueil\",\"item\":\"https:\\\/\\\/afib-bvs.fr\\\/\"},{\"@type\":\"ListItem\",\"position\":2,\"name\":\"Presse\"}]},{\"@type\":\"WebSite\",\"@id\":\"https:\\\/\\\/afib-bvs.fr\\\/#website\",\"url\":\"https:\\\/\\\/afib-bvs.fr\\\/\",\"name\":\"AFIB - Association Familiale Intercommunale de Beauvais\",\"description\":\"&quot;Au service des familles&quot;\",\"publisher\":{\"@id\":\"https:\\\/\\\/afib-bvs.fr\\\/#organization\"},\"potentialAction\":[{\"@type\":\"SearchAction\",\"target\":{\"@type\":\"EntryPoint\",\"urlTemplate\":\"https:\\\/\\\/afib-bvs.fr\\\/?s={search_term_string}\"},\"query-input\":{\"@type\":\"PropertyValueSpecification\",\"valueRequired\":true,\"valueName\":\"search_term_string\"}}],\"inLanguage\":\"fr-FR\"},{\"@type\":\"Organization\",\"@id\":\"https:\\\/\\\/afib-bvs.fr\\\/#organization\",\"name\":\"AFIB - Association Familiale Intercommunale de Beauvais\",\"url\":\"https:\\\/\\\/afib-bvs.fr\\\/\",\"logo\":{\"@type\":\"ImageObject\",\"inLanguage\":\"fr-FR\",\"@id\":\"https:\\\/\\\/afib-bvs.fr\\\/#\\\/schema\\\/logo\\\/image\\\/\",\"url\":\"https:\\\/\\\/afib-bvs.fr\\\/afib\\\/wp-content\\\/uploads\\\/2022\\\/12\\\/LOGO-AFIB_min2.jpg\",\"contentUrl\":\"https:\\\/\\\/afib-bvs.fr\\\/afib\\\/wp-content\\\/uploads\\\/2022\\\/12\\\/LOGO-AFIB_min2.jpg\",\"width\":810,\"height\":1299,\"caption\":\"AFIB - Association Familiale Intercommunale de Beauvais\"},\"image\":{\"@id\":\"https:\\\/\\\/afib-bvs.fr\\\/#\\\/schema\\\/logo\\\/image\\\/\"},\"sameAs\":[\"https:\\\/\\\/www.facebook.com\\\/afibeauvais60\"]}]}<\/script>\n<!-- \/ Yoast SEO plugin. -->","yoast_head_json":{"title":"AFIB - Association Familiale Intercommunale de Beauvais - Presse","description":"L\u2019AFIB fid\u00e8le \u00e0 ses valeurs familiales de citoyennet\u00e9 et de la\u00efcit\u00e9, propose des services dans un cadre familial.","robots":{"index":"noindex","follow":"nofollow"},"og_locale":"fr_FR","og_type":"article","og_title":"AFIB - Association Familiale Intercommunale de Beauvais - Presse","og_description":"L\u2019AFIB fid\u00e8le \u00e0 ses valeurs familiales de citoyennet\u00e9 et de la\u00efcit\u00e9, propose des services dans un cadre familial.","og_url":"https:\/\/afib-bvs.fr\/index.php\/presse\/","og_site_name":"AFIB - Association Familiale Intercommunale de Beauvais","article_publisher":"https:\/\/www.facebook.com\/afibeauvais60","article_modified_time":"2025-11-18T08:44:10+00:00","og_image":[{"width":1280,"height":853,"url":"https:\/\/afib-bvs.fr\/afib\/wp-content\/uploads\/2022\/01\/newspapers-pile-of-newspapers-press-3488861.jpg","type":"image\/jpeg"}],"twitter_card":"summary_large_image","schema":{"@context":"https:\/\/schema.org","@graph":[{"@type":"WebPage","@id":"https:\/\/afib-bvs.fr\/index.php\/presse\/","url":"https:\/\/afib-bvs.fr\/index.php\/presse\/","name":"AFIB - Association Familiale Intercommunale de Beauvais - Presse","isPartOf":{"@id":"https:\/\/afib-bvs.fr\/#website"},"primaryImageOfPage":{"@id":"https:\/\/afib-bvs.fr\/index.php\/presse\/#primaryimage"},"image":{"@id":"https:\/\/afib-bvs.fr\/index.php\/presse\/#primaryimage"},"thumbnailUrl":"https:\/\/associationfamiliale.fr\/afib\/wp-content\/uploads\/2022\/01\/newspapers-pile-of-newspapers-press-3488861-1024x682.jpg","datePublished":"2022-01-19T17:09:47+00:00","dateModified":"2025-11-18T08:44:10+00:00","description":"L\u2019AFIB fid\u00e8le \u00e0 ses valeurs familiales de citoyennet\u00e9 et de la\u00efcit\u00e9, propose des services dans un cadre familial.","breadcrumb":{"@id":"https:\/\/afib-bvs.fr\/index.php\/presse\/#breadcrumb"},"inLanguage":"fr-FR","potentialAction":[{"@type":"ReadAction","target":["https:\/\/afib-bvs.fr\/index.php\/presse\/"]}]},{"@type":"ImageObject","inLanguage":"fr-FR","@id":"https:\/\/afib-bvs.fr\/index.php\/presse\/#primaryimage","url":"https:\/\/associationfamiliale.fr\/afib\/wp-content\/uploads\/2022\/01\/newspapers-pile-of-newspapers-press-3488861-1024x682.jpg","contentUrl":"https:\/\/associationfamiliale.fr\/afib\/wp-content\/uploads\/2022\/01\/newspapers-pile-of-newspapers-press-3488861-1024x682.jpg"},{"@type":"BreadcrumbList","@id":"https:\/\/afib-bvs.fr\/index.php\/presse\/#breadcrumb","itemListElement":[{"@type":"ListItem","position":1,"name":"Accueil","item":"https:\/\/afib-bvs.fr\/"},{"@type":"ListItem","position":2,"name":"Presse"}]},{"@type":"WebSite","@id":"https:\/\/afib-bvs.fr\/#website","url":"https:\/\/afib-bvs.fr\/","name":"AFIB - Association Familiale Intercommunale de Beauvais","description":"&quot;Au service des familles&quot;","publisher":{"@id":"https:\/\/afib-bvs.fr\/#organization"},"potentialAction":[{"@type":"SearchAction","target":{"@type":"EntryPoint","urlTemplate":"https:\/\/afib-bvs.fr\/?s={search_term_string}"},"query-input":{"@type":"PropertyValueSpecification","valueRequired":true,"valueName":"search_term_string"}}],"inLanguage":"fr-FR"},{"@type":"Organization","@id":"https:\/\/afib-bvs.fr\/#organization","name":"AFIB - Association Familiale Intercommunale de Beauvais","url":"https:\/\/afib-bvs.fr\/","logo":{"@type":"ImageObject","inLanguage":"fr-FR","@id":"https:\/\/afib-bvs.fr\/#\/schema\/logo\/image\/","url":"https:\/\/afib-bvs.fr\/afib\/wp-content\/uploads\/2022\/12\/LOGO-AFIB_min2.jpg","contentUrl":"https:\/\/afib-bvs.fr\/afib\/wp-content\/uploads\/2022\/12\/LOGO-AFIB_min2.jpg","width":810,"height":1299,"caption":"AFIB - Association Familiale Intercommunale de Beauvais"},"image":{"@id":"https:\/\/afib-bvs.fr\/#\/schema\/logo\/image\/"},"sameAs":["https:\/\/www.facebook.com\/afibeauvais60"]}]}},"_links":{"self":[{"href":"https:\/\/afib-bvs.fr\/index.php\/wp-json\/wp\/v2\/pages\/1133","targetHints":{"allow":["GET"]}}],"collection":[{"href":"https:\/\/afib-bvs.fr\/index.php\/wp-json\/wp\/v2\/pages"}],"about":[{"href":"https:\/\/afib-bvs.fr\/index.php\/wp-json\/wp\/v2\/types\/page"}],"author":[{"embeddable":true,"href":"https:\/\/afib-bvs.fr\/index.php\/wp-json\/wp\/v2\/users\/1"}],"replies":[{"embeddable":true,"href":"https:\/\/afib-bvs.fr\/index.php\/wp-json\/wp\/v2\/comments?post=1133"}],"version-history":[{"count":8,"href":"https:\/\/afib-bvs.fr\/index.php\/wp-json\/wp\/v2\/pages\/1133\/revisions"}],"predecessor-version":[{"id":1952,"href":"https:\/\/afib-bvs.fr\/index.php\/wp-json\/wp\/v2\/pages\/1133\/revisions\/1952"}],"wp:attachment":[{"href":"https:\/\/afib-bvs.fr\/index.php\/wp-json\/wp\/v2\/media?parent=1133"}],"curies":[{"name":"wp","href":"https:\/\/api.w.org\/{rel}","templated":true}]}}