{"id":1179,"date":"2022-01-24T17:27:08","date_gmt":"2022-01-24T16:27:08","guid":{"rendered":"https:\/\/associationfamiliale.fr\/afib\/?page_id=1179"},"modified":"2023-12-15T15:42:23","modified_gmt":"2023-12-15T14:42:23","slug":"accompagnement-rsa-mediation","status":"publish","type":"page","link":"https:\/\/afib-bvs.fr\/index.php\/accompagnement-rsa-mediation\/","title":{"rendered":"Accompagnement \u00e0 l&rsquo;insertion"},"content":{"rendered":"\n<div class=\"wp-block-cover alignfull is-light\" data-block-type=\"core\"><span aria-hidden=\"true\" class=\"wp-block-cover__background has-background-dim\"><\/span><img loading=\"lazy\" decoding=\"async\" width=\"653\" height=\"315\" class=\"wp-block-cover__image-background wp-image-1181\" alt=\"\" src=\"https:\/\/associationfamiliale.fr\/afib\/wp-content\/uploads\/2022\/01\/RSAmediation.jpg\" data-object-fit=\"cover\" srcset=\"https:\/\/afib-bvs.fr\/afib\/wp-content\/uploads\/2022\/01\/RSAmediation.jpg 653w, https:\/\/afib-bvs.fr\/afib\/wp-content\/uploads\/2022\/01\/RSAmediation-300x145.jpg 300w\" sizes=\"auto, (max-width: 653px) 100vw, 653px\" \/><div class=\"wp-block-cover__inner-container is-layout-flow wp-block-cover-is-layout-flow\">\n<div class=\"wp-block-stackable-heading stk-block-heading stk-block-heading--v2 stk-block stk-1737a00\" id=\"accompagnement-a-linsertion-sociale-et-professionnelle\" data-block-id=\"1737a00\"><style>.stk-1737a00 .stk-block-heading__text{color:#fcfafa !important}<\/style><h2 class=\"stk-block-heading__text has-text-color stk-block-heading--use-theme-margins\">Accompagnement \u00e0 l&rsquo;insertion sociale et professionnelle<\/h2><\/div>\n<\/div><\/div>\n\n\n\n<h5 class=\"wp-block-heading\" id=\"ces-actions-sont-menees-en-reponse-a-des-appels-a-projets-de-la-ville-du-departement-de-la-region-ou-des-services-de-l-etat\">Ces actions sont men\u00e9es en r\u00e9ponse \u00e0 des appels \u00e0 projets de la ville, du d\u00e9partement, de la r\u00e9gion ou des services de l&rsquo;\u00e9tat<\/h5>\n\n\n\n<h2 class=\"wp-block-heading\" id=\"rsa\">RSA<\/h2>\n\n\n\n<p data-block-type=\"core\">L\u2019AFIB a r\u00e9pondu aux appels \u00e0 projet du Conseil D\u00e9partemental depuis 2017 pour l\u2019accompagnement social de b\u00e9n\u00e9ficiaires du RSA. Elle assure 50 mesures individuelles en entr\u00e9es et sorties permanentes.&nbsp;<\/p>\n\n\n\n<figure class=\"wp-block-image alignright size-large is-resized\" data-block-type=\"core\"><img loading=\"lazy\" decoding=\"async\" width=\"1024\" height=\"776\" src=\"https:\/\/associationfamiliale.fr\/afib\/wp-content\/uploads\/2023\/12\/cesf2-1024x776.jpg\" alt=\"\" class=\"wp-image-1850\" style=\"width:380px;height:284px\" srcset=\"https:\/\/afib-bvs.fr\/afib\/wp-content\/uploads\/2023\/12\/cesf2-1024x776.jpg 1024w, https:\/\/afib-bvs.fr\/afib\/wp-content\/uploads\/2023\/12\/cesf2-300x227.jpg 300w, https:\/\/afib-bvs.fr\/afib\/wp-content\/uploads\/2023\/12\/cesf2-768x582.jpg 768w, https:\/\/afib-bvs.fr\/afib\/wp-content\/uploads\/2023\/12\/cesf2-1536x1164.jpg 1536w, https:\/\/afib-bvs.fr\/afib\/wp-content\/uploads\/2023\/12\/cesf2-2048x1552.jpg 2048w\" sizes=\"auto, (max-width: 1024px) 100vw, 1024px\" \/><\/figure>\n\n\n\n<p data-block-type=\"core\">Les b\u00e9n\u00e9ficiaires du RSA en r\u00e9f\u00e9rence sociale \u00e0 l\u2019AFIB peuvent&nbsp;:<\/p>\n\n\n\n<ul class=\"wp-block-list\" data-block-type=\"core\">\n<li data-block-type=\"core\">&nbsp;avoir des difficult\u00e9s avec la langue fran\u00e7aise.<\/li>\n\n\n\n<li data-block-type=\"core\">&nbsp;avoir des difficult\u00e9s dans la gestion et l\u2019organisation budg\u00e9taire.<\/li>\n\n\n\n<li data-block-type=\"core\">avoir besoin de soutien dans l\u2019ouverture des droits.<\/li>\n\n\n\n<li data-block-type=\"core\">&nbsp;avoir besoin d\u2019aide et de conseils pour les d\u00e9marches administratives.<\/li>\n\n\n\n<li data-block-type=\"core\">&nbsp;avoir besoin d\u2019un accompagnement en vue d\u2019une insertion professionnelle.<\/li>\n<\/ul>\n\n\n\n<h5 class=\"wp-block-heading\" id=\"accompagnement-individuel\">Accompagnement individuel :<\/h5>\n\n\n\n<p data-block-type=\"core\">Un premier entretien individuel est propos\u00e9 par le r\u00e9f\u00e9rent unique \u00e0 chaque nouvelle personne entrant dans le dispositif. Un projet est d\u00e9fini \u00e0 la suite de cet entretien, prenant en compte la personne dans sa globalit\u00e9. Des objectifs sont pos\u00e9s et sont inscrits dans le Contrat d\u2019Engagement R\u00e9ciproque (CER).<\/p>\n\n\n\n<p data-block-type=\"core\">La personne accompagn\u00e9e b\u00e9n\u00e9ficie des services de l&rsquo;AFIB : l&rsquo;apprentissage de la langue, l\u2019acc\u00e8s aux droits, acc\u00e8s au num\u00e9rique, l\u2019autonomisation dans les domaines de la vie quotidienne (budget, logement, alimentation, sant\u00e9, mobilit\u00e9\u2026), la sociabilisation. Elle peut \u00eatre orient\u00e9e vers d&rsquo;autres partenaires dans le cadre de son CER.<\/p>\n\n\n\n<p data-block-type=\"core\"><\/p>\n\n\n\n<h2 class=\"wp-block-heading\" id=\"mediation\"><strong>M\u00e9diation<\/strong> <strong>sociale et insertion professionnelle.<\/strong><\/h2>\n\n\n\n<p data-block-type=\"core\"><\/p>\n\n\n\n<figure class=\"wp-block-image alignleft size-large is-resized\" data-block-type=\"core\"><img loading=\"lazy\" decoding=\"async\" width=\"1024\" height=\"686\" src=\"https:\/\/associationfamiliale.fr\/afib\/wp-content\/uploads\/2023\/08\/CSM11-1024x686.jpg\" alt=\"\" class=\"wp-image-1836\" style=\"width:448px;height:333px\" srcset=\"https:\/\/afib-bvs.fr\/afib\/wp-content\/uploads\/2023\/08\/CSM11-1024x686.jpg 1024w, https:\/\/afib-bvs.fr\/afib\/wp-content\/uploads\/2023\/08\/CSM11-300x201.jpg 300w, https:\/\/afib-bvs.fr\/afib\/wp-content\/uploads\/2023\/08\/CSM11-768x514.jpg 768w, https:\/\/afib-bvs.fr\/afib\/wp-content\/uploads\/2023\/08\/CSM11-1536x1029.jpg 1536w, https:\/\/afib-bvs.fr\/afib\/wp-content\/uploads\/2023\/08\/CSM11.jpg 1798w\" sizes=\"auto, (max-width: 1024px) 100vw, 1024px\" \/><\/figure>\n\n\n\n<p data-block-type=\"core\">A l&rsquo;AFIB, une Conseill\u00e8re en Insertion Professionnelle&nbsp;et M\u00e9diatrice accompagne toute personne qui le souhaite vers l&rsquo;insertion sociale et professionnelle.<\/p>\n\n\n\n<p data-block-type=\"core\">L\u2019accompagnement est global. La m\u00e9diatrice peut s\u2019appuyer sur la structure de l\u2019AFIB pour l\u2019acc\u00e8s aux droits, la formation en fran\u00e7ais, la formation au num\u00e9rique\u2026<\/p>\n\n\n\n<p data-block-type=\"core\">Lors d\u2019entretiens individuels les souhaits, les comp\u00e9tences et les freins (mobilit\u00e9, la garde des enfants, logement\u2026) sont identifi\u00e9s.<\/p>\n\n\n\n<p data-block-type=\"core\">Les personnes sont accompagn\u00e9es dans leurs d\u00e9marches administratives. Si n\u00e9cessaire, l&rsquo;ont peut envisager un accompagnement physique.<\/p>\n\n\n\n<p data-block-type=\"core\">Une aide est apport\u00e9e \u00e0 la recherche d\u2019emploi (CV, lettre de motivation et simulation \u00e0 l&rsquo;entretien d\u2019embauche) et aussi, \u00e0 la recherche de formations professionnelles.<\/p>\n\n\n\n<p data-block-type=\"core\">Pour faciliter sa mission, la M\u00e9diatrice sociale participe aux \u00e9v\u00e9nements locaux afin d\u2019\u00e9tablir et de maintenir les liens avec les partenaires.<\/p>\n\n\n\n<div style=\"height:74px\" aria-hidden=\"true\" class=\"wp-block-spacer\" data-block-type=\"core\"><\/div>\n","protected":false},"excerpt":{"rendered":"<p>Ces actions sont men\u00e9es en r\u00e9ponse \u00e0 des appels \u00e0 projets de la ville, du d\u00e9partement, de la r\u00e9gion ou des services de l&rsquo;\u00e9tat RSA L\u2019AFIB a r\u00e9pondu aux appels \u00e0 projet du Conseil D\u00e9partemental depuis 2017 pour l\u2019accompagnement social de b\u00e9n\u00e9ficiaires du RSA. Elle assure 50 mesures individuelles en entr\u00e9es et sorties permanentes.&nbsp; Les [&hellip;]<\/p>\n","protected":false},"author":1,"featured_media":0,"parent":0,"menu_order":0,"comment_status":"closed","ping_status":"closed","template":"","meta":{"footnotes":""},"class_list":["post-1179","page","type-page","status-publish","hentry"],"blocksy_meta":{"styles_descriptor":{"styles":{"desktop":"","tablet":"","mobile":""},"google_fonts":[],"version":6}},"featured_image_urls_v2":{"full":"","thumbnail":"","medium":"","medium_large":"","large":"","1536x1536":"","2048x2048":""},"post_excerpt_stackable_v2":"<p>Accompagnement \u00e0 l&rsquo;insertion sociale et professionnelle Ces actions sont men\u00e9es en r\u00e9ponse \u00e0 des appels \u00e0 projets de la ville, du d\u00e9partement, de la r\u00e9gion ou des services de l&rsquo;\u00e9tat RSA L\u2019AFIB a r\u00e9pondu aux appels \u00e0 projet du Conseil D\u00e9partemental depuis 2017 pour l\u2019accompagnement social de b\u00e9n\u00e9ficiaires du RSA. Elle assure 50 mesures individuelles en entr\u00e9es et sorties permanentes.&nbsp; Les b\u00e9n\u00e9ficiaires du RSA en r\u00e9f\u00e9rence sociale \u00e0 l\u2019AFIB peuvent&nbsp;: &nbsp;avoir des difficult\u00e9s avec la langue fran\u00e7aise. &nbsp;avoir des difficult\u00e9s dans la gestion et l\u2019organisation budg\u00e9taire. avoir besoin de soutien dans l\u2019ouverture des droits. &nbsp;avoir besoin d\u2019aide et de conseils\u2026<\/p>\n","category_list_v2":"","author_info_v2":{"name":"admafib","url":"https:\/\/afib-bvs.fr\/index.php\/author\/admafib\/"},"comments_num_v2":"0 commentaire","yoast_head":"<!-- This site is optimized with the Yoast SEO plugin v27.4 - https:\/\/yoast.com\/product\/yoast-seo-wordpress\/ -->\n<title>AFIB - Association Familiale Intercommunale de Beauvais - Accompagnement \u00e0 l&#039;insertion<\/title>\n<meta name=\"description\" content=\"L\u2019AFIB fid\u00e8le \u00e0 ses valeurs familiales de citoyennet\u00e9 et de la\u00efcit\u00e9, propose des services dans un cadre familial.\" \/>\n<meta name=\"robots\" content=\"index, follow, max-snippet:-1, max-image-preview:large, max-video-preview:-1\" \/>\n<link rel=\"canonical\" href=\"https:\/\/afib-bvs.fr\/index.php\/accompagnement-rsa-mediation\/\" \/>\n<meta property=\"og:locale\" content=\"fr_FR\" \/>\n<meta property=\"og:type\" content=\"article\" \/>\n<meta property=\"og:title\" content=\"AFIB - Association Familiale Intercommunale de Beauvais - Accompagnement \u00e0 l&#039;insertion\" \/>\n<meta property=\"og:description\" content=\"L\u2019AFIB fid\u00e8le \u00e0 ses valeurs familiales de citoyennet\u00e9 et de la\u00efcit\u00e9, propose des services dans un cadre familial.\" \/>\n<meta property=\"og:url\" content=\"https:\/\/afib-bvs.fr\/index.php\/accompagnement-rsa-mediation\/\" \/>\n<meta property=\"og:site_name\" content=\"AFIB - Association Familiale Intercommunale de Beauvais\" \/>\n<meta property=\"article:publisher\" content=\"https:\/\/www.facebook.com\/afibeauvais60\" \/>\n<meta property=\"article:modified_time\" content=\"2023-12-15T14:42:23+00:00\" \/>\n<meta property=\"og:image\" content=\"https:\/\/associationfamiliale.fr\/afib\/wp-content\/uploads\/2022\/01\/RSAmediation.jpg\" \/>\n<meta name=\"twitter:card\" content=\"summary_large_image\" \/>\n<meta name=\"twitter:label1\" content=\"Dur\u00e9e de lecture estim\u00e9e\" \/>\n\t<meta name=\"twitter:data1\" content=\"3 minutes\" \/>\n<script type=\"application\/ld+json\" class=\"yoast-schema-graph\">{\"@context\":\"https:\\\/\\\/schema.org\",\"@graph\":[{\"@type\":\"WebPage\",\"@id\":\"https:\\\/\\\/afib-bvs.fr\\\/index.php\\\/accompagnement-rsa-mediation\\\/\",\"url\":\"https:\\\/\\\/afib-bvs.fr\\\/index.php\\\/accompagnement-rsa-mediation\\\/\",\"name\":\"AFIB - Association Familiale Intercommunale de Beauvais - Accompagnement \u00e0 l'insertion\",\"isPartOf\":{\"@id\":\"https:\\\/\\\/afib-bvs.fr\\\/#website\"},\"primaryImageOfPage\":{\"@id\":\"https:\\\/\\\/afib-bvs.fr\\\/index.php\\\/accompagnement-rsa-mediation\\\/#primaryimage\"},\"image\":{\"@id\":\"https:\\\/\\\/afib-bvs.fr\\\/index.php\\\/accompagnement-rsa-mediation\\\/#primaryimage\"},\"thumbnailUrl\":\"https:\\\/\\\/associationfamiliale.fr\\\/afib\\\/wp-content\\\/uploads\\\/2022\\\/01\\\/RSAmediation.jpg\",\"datePublished\":\"2022-01-24T16:27:08+00:00\",\"dateModified\":\"2023-12-15T14:42:23+00:00\",\"description\":\"L\u2019AFIB fid\u00e8le \u00e0 ses valeurs familiales de citoyennet\u00e9 et de la\u00efcit\u00e9, propose des services dans un cadre familial.\",\"breadcrumb\":{\"@id\":\"https:\\\/\\\/afib-bvs.fr\\\/index.php\\\/accompagnement-rsa-mediation\\\/#breadcrumb\"},\"inLanguage\":\"fr-FR\",\"potentialAction\":[{\"@type\":\"ReadAction\",\"target\":[\"https:\\\/\\\/afib-bvs.fr\\\/index.php\\\/accompagnement-rsa-mediation\\\/\"]}]},{\"@type\":\"ImageObject\",\"inLanguage\":\"fr-FR\",\"@id\":\"https:\\\/\\\/afib-bvs.fr\\\/index.php\\\/accompagnement-rsa-mediation\\\/#primaryimage\",\"url\":\"https:\\\/\\\/associationfamiliale.fr\\\/afib\\\/wp-content\\\/uploads\\\/2022\\\/01\\\/RSAmediation.jpg\",\"contentUrl\":\"https:\\\/\\\/associationfamiliale.fr\\\/afib\\\/wp-content\\\/uploads\\\/2022\\\/01\\\/RSAmediation.jpg\"},{\"@type\":\"BreadcrumbList\",\"@id\":\"https:\\\/\\\/afib-bvs.fr\\\/index.php\\\/accompagnement-rsa-mediation\\\/#breadcrumb\",\"itemListElement\":[{\"@type\":\"ListItem\",\"position\":1,\"name\":\"Accueil\",\"item\":\"https:\\\/\\\/afib-bvs.fr\\\/\"},{\"@type\":\"ListItem\",\"position\":2,\"name\":\"Accompagnement \u00e0 l&rsquo;insertion\"}]},{\"@type\":\"WebSite\",\"@id\":\"https:\\\/\\\/afib-bvs.fr\\\/#website\",\"url\":\"https:\\\/\\\/afib-bvs.fr\\\/\",\"name\":\"AFIB - Association Familiale Intercommunale de Beauvais\",\"description\":\"&quot;Au service des familles&quot;\",\"publisher\":{\"@id\":\"https:\\\/\\\/afib-bvs.fr\\\/#organization\"},\"potentialAction\":[{\"@type\":\"SearchAction\",\"target\":{\"@type\":\"EntryPoint\",\"urlTemplate\":\"https:\\\/\\\/afib-bvs.fr\\\/?s={search_term_string}\"},\"query-input\":{\"@type\":\"PropertyValueSpecification\",\"valueRequired\":true,\"valueName\":\"search_term_string\"}}],\"inLanguage\":\"fr-FR\"},{\"@type\":\"Organization\",\"@id\":\"https:\\\/\\\/afib-bvs.fr\\\/#organization\",\"name\":\"AFIB - Association Familiale Intercommunale de Beauvais\",\"url\":\"https:\\\/\\\/afib-bvs.fr\\\/\",\"logo\":{\"@type\":\"ImageObject\",\"inLanguage\":\"fr-FR\",\"@id\":\"https:\\\/\\\/afib-bvs.fr\\\/#\\\/schema\\\/logo\\\/image\\\/\",\"url\":\"https:\\\/\\\/afib-bvs.fr\\\/afib\\\/wp-content\\\/uploads\\\/2022\\\/12\\\/LOGO-AFIB_min2.jpg\",\"contentUrl\":\"https:\\\/\\\/afib-bvs.fr\\\/afib\\\/wp-content\\\/uploads\\\/2022\\\/12\\\/LOGO-AFIB_min2.jpg\",\"width\":810,\"height\":1299,\"caption\":\"AFIB - Association Familiale Intercommunale de Beauvais\"},\"image\":{\"@id\":\"https:\\\/\\\/afib-bvs.fr\\\/#\\\/schema\\\/logo\\\/image\\\/\"},\"sameAs\":[\"https:\\\/\\\/www.facebook.com\\\/afibeauvais60\"]}]}<\/script>\n<!-- \/ Yoast SEO plugin. -->","yoast_head_json":{"title":"AFIB - Association Familiale Intercommunale de Beauvais - Accompagnement \u00e0 l'insertion","description":"L\u2019AFIB fid\u00e8le \u00e0 ses valeurs familiales de citoyennet\u00e9 et de la\u00efcit\u00e9, propose des services dans un cadre familial.","robots":{"index":"index","follow":"follow","max-snippet":"max-snippet:-1","max-image-preview":"max-image-preview:large","max-video-preview":"max-video-preview:-1"},"canonical":"https:\/\/afib-bvs.fr\/index.php\/accompagnement-rsa-mediation\/","og_locale":"fr_FR","og_type":"article","og_title":"AFIB - Association Familiale Intercommunale de Beauvais - Accompagnement \u00e0 l'insertion","og_description":"L\u2019AFIB fid\u00e8le \u00e0 ses valeurs familiales de citoyennet\u00e9 et de la\u00efcit\u00e9, propose des services dans un cadre familial.","og_url":"https:\/\/afib-bvs.fr\/index.php\/accompagnement-rsa-mediation\/","og_site_name":"AFIB - Association Familiale Intercommunale de Beauvais","article_publisher":"https:\/\/www.facebook.com\/afibeauvais60","article_modified_time":"2023-12-15T14:42:23+00:00","og_image":[{"url":"https:\/\/associationfamiliale.fr\/afib\/wp-content\/uploads\/2022\/01\/RSAmediation.jpg","type":"","width":"","height":""}],"twitter_card":"summary_large_image","twitter_misc":{"Dur\u00e9e de lecture estim\u00e9e":"3 minutes"},"schema":{"@context":"https:\/\/schema.org","@graph":[{"@type":"WebPage","@id":"https:\/\/afib-bvs.fr\/index.php\/accompagnement-rsa-mediation\/","url":"https:\/\/afib-bvs.fr\/index.php\/accompagnement-rsa-mediation\/","name":"AFIB - Association Familiale Intercommunale de Beauvais - Accompagnement \u00e0 l'insertion","isPartOf":{"@id":"https:\/\/afib-bvs.fr\/#website"},"primaryImageOfPage":{"@id":"https:\/\/afib-bvs.fr\/index.php\/accompagnement-rsa-mediation\/#primaryimage"},"image":{"@id":"https:\/\/afib-bvs.fr\/index.php\/accompagnement-rsa-mediation\/#primaryimage"},"thumbnailUrl":"https:\/\/associationfamiliale.fr\/afib\/wp-content\/uploads\/2022\/01\/RSAmediation.jpg","datePublished":"2022-01-24T16:27:08+00:00","dateModified":"2023-12-15T14:42:23+00:00","description":"L\u2019AFIB fid\u00e8le \u00e0 ses valeurs familiales de citoyennet\u00e9 et de la\u00efcit\u00e9, propose des services dans un cadre familial.","breadcrumb":{"@id":"https:\/\/afib-bvs.fr\/index.php\/accompagnement-rsa-mediation\/#breadcrumb"},"inLanguage":"fr-FR","potentialAction":[{"@type":"ReadAction","target":["https:\/\/afib-bvs.fr\/index.php\/accompagnement-rsa-mediation\/"]}]},{"@type":"ImageObject","inLanguage":"fr-FR","@id":"https:\/\/afib-bvs.fr\/index.php\/accompagnement-rsa-mediation\/#primaryimage","url":"https:\/\/associationfamiliale.fr\/afib\/wp-content\/uploads\/2022\/01\/RSAmediation.jpg","contentUrl":"https:\/\/associationfamiliale.fr\/afib\/wp-content\/uploads\/2022\/01\/RSAmediation.jpg"},{"@type":"BreadcrumbList","@id":"https:\/\/afib-bvs.fr\/index.php\/accompagnement-rsa-mediation\/#breadcrumb","itemListElement":[{"@type":"ListItem","position":1,"name":"Accueil","item":"https:\/\/afib-bvs.fr\/"},{"@type":"ListItem","position":2,"name":"Accompagnement \u00e0 l&rsquo;insertion"}]},{"@type":"WebSite","@id":"https:\/\/afib-bvs.fr\/#website","url":"https:\/\/afib-bvs.fr\/","name":"AFIB - Association Familiale Intercommunale de Beauvais","description":"&quot;Au service des familles&quot;","publisher":{"@id":"https:\/\/afib-bvs.fr\/#organization"},"potentialAction":[{"@type":"SearchAction","target":{"@type":"EntryPoint","urlTemplate":"https:\/\/afib-bvs.fr\/?s={search_term_string}"},"query-input":{"@type":"PropertyValueSpecification","valueRequired":true,"valueName":"search_term_string"}}],"inLanguage":"fr-FR"},{"@type":"Organization","@id":"https:\/\/afib-bvs.fr\/#organization","name":"AFIB - Association Familiale Intercommunale de Beauvais","url":"https:\/\/afib-bvs.fr\/","logo":{"@type":"ImageObject","inLanguage":"fr-FR","@id":"https:\/\/afib-bvs.fr\/#\/schema\/logo\/image\/","url":"https:\/\/afib-bvs.fr\/afib\/wp-content\/uploads\/2022\/12\/LOGO-AFIB_min2.jpg","contentUrl":"https:\/\/afib-bvs.fr\/afib\/wp-content\/uploads\/2022\/12\/LOGO-AFIB_min2.jpg","width":810,"height":1299,"caption":"AFIB - Association Familiale Intercommunale de Beauvais"},"image":{"@id":"https:\/\/afib-bvs.fr\/#\/schema\/logo\/image\/"},"sameAs":["https:\/\/www.facebook.com\/afibeauvais60"]}]}},"_links":{"self":[{"href":"https:\/\/afib-bvs.fr\/index.php\/wp-json\/wp\/v2\/pages\/1179","targetHints":{"allow":["GET"]}}],"collection":[{"href":"https:\/\/afib-bvs.fr\/index.php\/wp-json\/wp\/v2\/pages"}],"about":[{"href":"https:\/\/afib-bvs.fr\/index.php\/wp-json\/wp\/v2\/types\/page"}],"author":[{"embeddable":true,"href":"https:\/\/afib-bvs.fr\/index.php\/wp-json\/wp\/v2\/users\/1"}],"replies":[{"embeddable":true,"href":"https:\/\/afib-bvs.fr\/index.php\/wp-json\/wp\/v2\/comments?post=1179"}],"version-history":[{"count":18,"href":"https:\/\/afib-bvs.fr\/index.php\/wp-json\/wp\/v2\/pages\/1179\/revisions"}],"predecessor-version":[{"id":1852,"href":"https:\/\/afib-bvs.fr\/index.php\/wp-json\/wp\/v2\/pages\/1179\/revisions\/1852"}],"wp:attachment":[{"href":"https:\/\/afib-bvs.fr\/index.php\/wp-json\/wp\/v2\/media?parent=1179"}],"curies":[{"name":"wp","href":"https:\/\/api.w.org\/{rel}","templated":true}]}}