{"id":366,"date":"2021-05-18T08:13:45","date_gmt":"2021-05-18T08:13:45","guid":{"rendered":"https:\/\/associationfamiliale.fr\/afib\/index.php\/about\/"},"modified":"2025-09-17T17:31:30","modified_gmt":"2025-09-17T15:31:30","slug":"about","status":"publish","type":"page","link":"https:\/\/afib-bvs.fr\/index.php\/about\/","title":{"rendered":"L&rsquo;AFIB"},"content":{"rendered":"\n<div class=\"wp-block-cover alignfull is-light\" style=\"min-height:530px;aspect-ratio:unset;\" data-block-type=\"core\"><img loading=\"lazy\" decoding=\"async\" width=\"1349\" height=\"759\" class=\"wp-block-cover__image-background wp-image-908\" alt=\"photo AG 2020 au printemps 2021\" src=\"http:\/\/associationfamiliale.fr\/afib\/wp-content\/uploads\/2021\/12\/AG2021.jpg\" data-object-fit=\"cover\" srcset=\"https:\/\/afib-bvs.fr\/afib\/wp-content\/uploads\/2021\/12\/AG2021.jpg 1349w, https:\/\/afib-bvs.fr\/afib\/wp-content\/uploads\/2021\/12\/AG2021-300x169.jpg 300w, https:\/\/afib-bvs.fr\/afib\/wp-content\/uploads\/2021\/12\/AG2021-1024x576.jpg 1024w, https:\/\/afib-bvs.fr\/afib\/wp-content\/uploads\/2021\/12\/AG2021-768x432.jpg 768w\" sizes=\"auto, (max-width: 1349px) 100vw, 1349px\" \/><span aria-hidden=\"true\" class=\"wp-block-cover__background has-black-background-color has-background-dim-10 has-background-dim\"><\/span><div class=\"wp-block-cover__inner-container is-layout-flow wp-block-cover-is-layout-flow\">\n<h1 class=\"wp-block-heading has-text-align-left has-white-color has-text-color\" id=\"a-propos-de-nous\">A propos de nous<\/h1>\n<\/div><\/div>\n\n\n\n<div class=\"wp-block-group alignfull is-layout-flow wp-block-group-is-layout-flow\" data-block-type=\"core\">\n<div class=\"wp-block-stackable-columns stk-block-columns stk-block stk-fda4e93\" data-block-id=\"fda4e93\"><style>.stk-fda4e93-column{justify-content:flex-start !important;}<\/style><div class=\"stk-row stk-inner-blocks stk-block-content stk-content-align stk-fda4e93-column stk--flex\">\n<div class=\"wp-block-stackable-column stk-block-column stk-column stk-block stk-e1a9538\" data-v=\"4\" data-block-id=\"e1a9538\"><div class=\"stk-column-wrapper stk-block-column__content stk-container stk-e1a9538-container stk--no-background stk--no-padding\"><div class=\"stk-block-content stk-inner-blocks stk-e1a9538-inner-blocks\">\n<h2 class=\"wp-block-heading\" id=\"qui-sommes-nous\">Qui sommes-nous ?<\/h2>\n\n\n\n<h5 class=\"wp-block-heading has-ast-global-color-0-color has-text-color\" id=\"l-association-familiale-intercommunale-de-beauvais-afib-fidele-a-ses-valeurs-familiales-de-citoyennete-et-de-laicite-propose-des-services-dans-un-cadre-familial-par-des-benevoles-formes-et-des-salaries-competents\"><strong>L\u2019Association Familiale Intercommunale de Beauvais (AFIB), fid\u00e8le \u00e0 ses valeurs familiales de citoyennet\u00e9 et de la\u00efcit\u00e9, propose des services dans un cadre familial assur\u00e9s par des salari\u00e9s comp\u00e9tents et des b\u00e9n\u00e9voles form\u00e9s<\/strong>.<\/h5>\n\n\n\n<p data-block-type=\"core\"><\/p>\n<\/div><\/div><\/div>\n\n\n\n<div class=\"wp-block-stackable-column stk-block-column stk-column stk-block stk-327fc09\" data-v=\"4\" data-block-id=\"327fc09\"><div class=\"stk-column-wrapper stk-block-column__content stk-container stk-327fc09-container stk--no-background stk--no-padding\"><div class=\"stk-block-content stk-inner-blocks stk-327fc09-inner-blocks\">\n<p data-block-type=\"core\"><strong>Cr\u00e9\u00e9e en 1909, l&rsquo;AFIB<\/strong> a accompagn\u00e9 et soutenu les familles de Beauvais et des alentours durant le 20\u00e8me si\u00e8cle, notamment pendant les deux guerres et les p\u00e9riodes de grande pr\u00e9carit\u00e9. Elle a d\u00fb et su s&rsquo;adapter aux contextes sociaux. H\u00e9las, la pr\u00e9carit\u00e9 et la pauvret\u00e9 sont toujours d&rsquo;actualit\u00e9.<\/p>\n\n\n\n<p data-block-type=\"core\"><strong>L\u2019AFIB propose ses services aux familles de la r\u00e9gion beauvaisienne<\/strong> pour les accompagner dans leur quotidien&nbsp;: v\u00eatements \u00e0 petit prix, soutien scolaire, \u00e9crivain public, acc\u00e8s au droit, au num\u00e9rique, aide au budget, \u00e0 la consommation, animation interg\u00e9n\u00e9rationnelle, cours de fran\u00e7ais\u2026<\/p>\n\n\n\n<p data-block-type=\"core\"><strong>Reconnue d&rsquo;int\u00e9r\u00eat publ<strong>ic et affili\u00e9e \u00e0 la f\u00e9d\u00e9ration Familles de Fra<\/strong>nce, reconnue d&rsquo;utilit\u00e9 publique <\/strong>, elle a su s\u2019adapter au fil du temps pour r\u00e9pondre \u00e0 des besoins nouveaux et se positionner sur les appels \u00e0 projets de la politique de la ville, du Conseil d\u00e9partemental et de l\u2019Etat&#8230;<\/p>\n\n\n\n<p data-block-type=\"core\"><strong>L&rsquo;AFIB est fortement impliqu\u00e9e dans la vie citoyenne de la ville de Beauvais<\/strong>. Elle est \u00e9lue aux Conseils Citoyens des quartiers populaires. Elle participe activement \u00e0 la vie associative de ces derniers.<\/p>\n\n\n\n<p data-block-type=\"core\"><strong>En 2023, plus de 600 adh\u00e9rents dont plus de 400 familles<\/strong> ont b\u00e9n\u00e9fici\u00e9 de nos services, \u00e0 la fois dans les locaux du 4 rue Saint Quentin, mis \u00e0 disposition par la ville, et au sein des permanences tenues dans les quartiers relevant de la politique de la ville.<\/p>\n\n\n\n<p data-block-type=\"core\">En plus des familles qui ach\u00e8tent des v\u00eatements \u00e0 petit prix, des particuliers qui suivent les cours ou les ateliers, nous accompagnons des b\u00e9n\u00e9ficiaires du RSA et des personnes en d\u00e9marche d\u2019insertion professionnelle et sociale.<\/p>\n<\/div><\/div><\/div>\n<\/div><\/div>\n<\/div>\n\n\n\n<div class=\"wp-block-group alignfull is-layout-flow wp-block-group-is-layout-flow\" data-block-type=\"core\">\n<div class=\"wp-block-columns is-layout-flex wp-container-core-columns-is-layout-28f84493 wp-block-columns-is-layout-flex\" data-block-type=\"core\">\n<div class=\"wp-block-column is-layout-flow wp-block-column-is-layout-flow\" data-block-type=\"core\">\n<figure class=\"wp-block-image size-full\" data-block-type=\"core\"><img loading=\"lazy\" decoding=\"async\" width=\"400\" height=\"300\" src=\"http:\/\/associationfamiliale.fr\/afib\/wp-content\/uploads\/2021\/12\/SS3.jpg\" alt=\"soutien scolaire\" class=\"wp-image-769\" srcset=\"https:\/\/afib-bvs.fr\/afib\/wp-content\/uploads\/2021\/12\/SS3.jpg 400w, https:\/\/afib-bvs.fr\/afib\/wp-content\/uploads\/2021\/12\/SS3-300x225.jpg 300w\" sizes=\"auto, (max-width: 400px) 100vw, 400px\" \/><\/figure>\n<\/div>\n\n\n\n<div class=\"wp-block-column is-layout-flow wp-block-column-is-layout-flow\" data-block-type=\"core\">\n<figure class=\"wp-block-image aligncenter size-full is-resized\" data-block-type=\"core\"><img loading=\"lazy\" decoding=\"async\" width=\"500\" height=\"666\" src=\"http:\/\/associationfamiliale.fr\/afib\/wp-content\/uploads\/2021\/12\/couture.jpg\" alt=\"Atelier couture\" class=\"wp-image-757\" style=\"width:222px;height:auto\" srcset=\"https:\/\/afib-bvs.fr\/afib\/wp-content\/uploads\/2021\/12\/couture.jpg 500w, https:\/\/afib-bvs.fr\/afib\/wp-content\/uploads\/2021\/12\/couture-225x300.jpg 225w\" sizes=\"auto, (max-width: 500px) 100vw, 500px\" \/><\/figure>\n<\/div>\n\n\n\n<div class=\"wp-block-column is-layout-flow wp-block-column-is-layout-flow\" data-block-type=\"core\">\n<figure class=\"wp-block-image size-full\" data-block-type=\"core\"><img loading=\"lazy\" decoding=\"async\" width=\"474\" height=\"355\" src=\"https:\/\/associationfamiliale.fr\/afib\/wp-content\/uploads\/2022\/01\/vente.jpg\" alt=\"Braderie au soleil\" class=\"wp-image-993\" srcset=\"https:\/\/afib-bvs.fr\/afib\/wp-content\/uploads\/2022\/01\/vente.jpg 474w, https:\/\/afib-bvs.fr\/afib\/wp-content\/uploads\/2022\/01\/vente-300x225.jpg 300w\" sizes=\"auto, (max-width: 474px) 100vw, 474px\" \/><\/figure>\n<\/div>\n<\/div>\n<\/div>\n\n\n\n<div class=\"wp-block-group alignfull is-layout-flow wp-block-group-is-layout-flow\" data-block-type=\"core\">\n<h2 class=\"wp-block-heading\" id=\"nos-missions\">Nos missions<\/h2>\n\n\n\n<div class=\"wp-block-columns alignwide is-layout-flex wp-container-core-columns-is-layout-28f84493 wp-block-columns-is-layout-flex\" data-block-type=\"core\">\n<div class=\"wp-block-column is-layout-flow wp-block-column-is-layout-flow\" data-block-type=\"core\">\n<h5 class=\"wp-block-heading\" id=\"accompagner-le-quotidien-des-familles-des-personnes-et-creer-du-lien-social\"><strong>Accompagner le quotidien des familles, des personnes et cr\u00e9er du lien social.<\/strong><\/h5>\n\n\n\n<p data-block-type=\"core\">Sous forme:<br>D&rsquo;accompagnement aux d\u00e9marches \u00e9crites et num\u00e9riques.<br>D&rsquo;aide \u00e0 la gestion du budget familial et \u00e0 la consommation.<br>De vente de v\u00eatements \u00e0 petit prix. <br>De soutien scolaire et d&rsquo;aide \u00e0 la parentalit\u00e9<br>Et diverses activit\u00e9s ludiques.<\/p>\n\n\n\n<p data-block-type=\"core\">Au si\u00e8ge, dans les quartiers et dans le Beauvaisis.<\/p>\n<\/div>\n\n\n\n<div class=\"wp-block-column is-layout-flow wp-block-column-is-layout-flow\" data-block-type=\"core\">\n<h5 class=\"wp-block-heading\" id=\"mener-des-actions-en-vue-de-l-insertion-ou-de-la-reinsertion-sociale-et-professionnelle\"><strong>Mener des actions en vue de l&rsquo;insertion sociale et professionnelle<\/strong>. <\/h5>\n\n\n\n<p data-block-type=\"core\">Assurer des cours de fran\u00e7ais et d\u2019alphab\u00e9tisation, d&rsquo;acc\u00e8s au num\u00e9rique, des actions sp\u00e9cifiques (suivi RSA, m\u00e9diation&#8230;). <br>Redonner confiance en soi pour une insertion socioprofessionnelle. <br>Faciliter le retour \u00e0 l&#8217;emploi. <\/p>\n<\/div>\n<\/div>\n<\/div>\n\n\n\n<div class=\"wp-block-group alignfull is-layout-flow wp-block-group-is-layout-flow\" data-block-type=\"core\">\n<p data-block-type=\"core\"><\/p>\n<\/div>\n\n\n\n<div class=\"wp-block-group alignfull has-background is-layout-flow wp-block-group-is-layout-flow\" style=\"background-color:#c5e0fb\" data-block-type=\"core\">\n<div class=\"wp-block-columns alignwide are-vertically-aligned-center is-layout-flex wp-container-core-columns-is-layout-28f84493 wp-block-columns-is-layout-flex\" data-block-type=\"core\">\n<div class=\"wp-block-column is-vertically-aligned-center is-layout-flow wp-block-column-is-layout-flow\" data-block-type=\"core\">\n<h2 class=\"wp-block-heading\" id=\"quelques-chiffres\"><strong>Quelques chiffres<\/strong><\/h2>\n\n\n\n<p data-block-type=\"core\">L&rsquo;essentiel de nos revenus provient des subventions li\u00e9es aux projets men\u00e9s. L&rsquo;\u00e9quivalent des dons en heures de b\u00e9n\u00e9volat est tr\u00e8s important. Chiffres de 2024<\/p>\n<\/div>\n\n\n\n<div class=\"wp-block-column is-vertically-aligned-center is-layout-flow wp-block-column-is-layout-flow\" data-block-type=\"core\">\n<div class=\"wp-block-columns are-vertically-aligned-center is-layout-flex wp-container-core-columns-is-layout-28f84493 wp-block-columns-is-layout-flex\" data-block-type=\"core\">\n<div class=\"wp-block-column is-vertically-aligned-center is-layout-flow wp-block-column-is-layout-flow\" data-block-type=\"core\">\n<div class=\"wp-block-group has-white-background-color has-background is-layout-flow wp-block-group-is-layout-flow\" data-block-type=\"core\">\n<h2 class=\"wp-block-heading has-text-align-center\" id=\"420k\">255K\u20ac<\/h2>\n\n\n\n<p class=\"has-text-align-center\" data-block-type=\"core\">de revenus : ventes, subventions, cotisations.<\/p>\n<\/div>\n<\/div>\n\n\n\n<div class=\"wp-block-column is-vertically-aligned-center is-layout-flow wp-block-column-is-layout-flow\" data-block-type=\"core\">\n<div class=\"wp-block-group has-white-background-color has-background is-layout-flow wp-block-group-is-layout-flow\" data-block-type=\"core\">\n<h2 class=\"wp-block-heading has-text-align-center\" id=\"210k\">232K\u20ac<\/h2>\n\n\n\n<p class=\"has-text-align-center\" data-block-type=\"core\">  \u00e9quivalent heures de b\u00e9n\u00e9volat<\/p>\n<\/div>\n<\/div>\n<\/div>\n\n\n\n<div class=\"wp-block-columns are-vertically-aligned-center is-layout-flex wp-container-core-columns-is-layout-28f84493 wp-block-columns-is-layout-flex\" data-block-type=\"core\">\n<div class=\"wp-block-column is-vertically-aligned-center is-layout-flow wp-block-column-is-layout-flow\" data-block-type=\"core\">\n<div class=\"wp-block-group has-white-background-color has-background is-layout-flow wp-block-group-is-layout-flow\" data-block-type=\"core\">\n<h2 class=\"wp-block-heading has-text-align-center\" id=\"91\">78<\/h2>\n\n\n\n<p class=\"has-text-align-center\" data-block-type=\"core\">B\u00e9n\u00e9voles<\/p>\n<\/div>\n<\/div>\n\n\n\n<div class=\"wp-block-column is-vertically-aligned-center is-layout-flow wp-block-column-is-layout-flow\" data-block-type=\"core\">\n<div class=\"wp-block-group has-white-background-color has-background is-layout-flow wp-block-group-is-layout-flow\" data-block-type=\"core\">\n<h2 class=\"wp-block-heading has-text-align-center\" id=\"7\">8<\/h2>\n\n\n\n<p class=\"has-text-align-center\" data-block-type=\"core\">Salari\u00e9s dont apprentis <\/p>\n<\/div>\n<\/div>\n<\/div>\n\n\n\n<div class=\"wp-block-columns are-vertically-aligned-center is-layout-flex wp-container-core-columns-is-layout-28f84493 wp-block-columns-is-layout-flex\" data-block-type=\"core\">\n<div class=\"wp-block-column is-vertically-aligned-center is-layout-flow wp-block-column-is-layout-flow\" data-block-type=\"core\">\n<div class=\"wp-block-group has-white-background-color has-background is-layout-flow wp-block-group-is-layout-flow\" data-block-type=\"core\">\n<h2 class=\"wp-block-heading has-text-align-center\" id=\"408\"> 685<\/h2>\n\n\n\n<p class=\"has-text-align-center\" data-block-type=\"core\">Adh\u00e9rents<\/p>\n<\/div>\n<\/div>\n\n\n\n<div class=\"wp-block-column is-vertically-aligned-center is-layout-flow wp-block-column-is-layout-flow\" data-block-type=\"core\">\n<div class=\"wp-block-group has-white-background-color has-background is-layout-flow wp-block-group-is-layout-flow\" data-block-type=\"core\">\n<h2 class=\"wp-block-heading has-text-align-center\"><\/h2>\n\n\n\n<p class=\"has-text-align-center\" data-block-type=\"core\"><\/p>\n<\/div>\n<\/div>\n<\/div>\n<\/div>\n<\/div>\n<\/div>\n\n\n\n<p data-block-type=\"core\"><\/p>\n","protected":false},"excerpt":{"rendered":"<p>Qui sommes-nous ? L\u2019Association Familiale Intercommunale de Beauvais (AFIB), fid\u00e8le \u00e0 ses valeurs familiales de citoyennet\u00e9 et de la\u00efcit\u00e9, propose des services dans un cadre familial assur\u00e9s par des salari\u00e9s comp\u00e9tents et des b\u00e9n\u00e9voles form\u00e9s. Cr\u00e9\u00e9e en 1909, l&rsquo;AFIB a accompagn\u00e9 et soutenu les familles de Beauvais et des alentours durant le 20\u00e8me si\u00e8cle, notamment [&hellip;]<\/p>\n","protected":false},"author":1,"featured_media":0,"parent":0,"menu_order":0,"comment_status":"closed","ping_status":"closed","template":"","meta":{"footnotes":""},"class_list":["post-366","page","type-page","status-publish","hentry"],"blocksy_meta":{"styles_descriptor":{"styles":{"desktop":"","tablet":"","mobile":""},"google_fonts":[],"version":6}},"featured_image_urls_v2":{"full":"","thumbnail":"","medium":"","medium_large":"","large":"","1536x1536":"","2048x2048":""},"post_excerpt_stackable_v2":"<p>A propos de nous Qui sommes-nous ? L\u2019Association Familiale Intercommunale de Beauvais (AFIB), fid\u00e8le \u00e0 ses valeurs familiales de citoyennet\u00e9 et de la\u00efcit\u00e9, propose des services dans un cadre familial assur\u00e9s par des salari\u00e9s comp\u00e9tents et des b\u00e9n\u00e9voles form\u00e9s. Cr\u00e9\u00e9e en 1909, l&rsquo;AFIB a accompagn\u00e9 et soutenu les familles de Beauvais et des alentours durant le 20\u00e8me si\u00e8cle, notamment pendant les deux guerres et les p\u00e9riodes de grande pr\u00e9carit\u00e9. Elle a d\u00fb et su s&rsquo;adapter aux contextes sociaux. H\u00e9las, la pr\u00e9carit\u00e9 et la pauvret\u00e9 sont toujours d&rsquo;actualit\u00e9. L\u2019AFIB propose ses services aux familles de la r\u00e9gion beauvaisienne pour les accompagner\u2026<\/p>\n","category_list_v2":"","author_info_v2":{"name":"admafib","url":"https:\/\/afib-bvs.fr\/index.php\/author\/admafib\/"},"comments_num_v2":"0 commentaire","yoast_head":"<!-- This site is optimized with the Yoast SEO plugin v27.4 - https:\/\/yoast.com\/product\/yoast-seo-wordpress\/ -->\n<title>AFIB - Association Familiale Intercommunale de Beauvais - L&#039;AFIB<\/title>\n<meta name=\"description\" content=\"L\u2019AFIB fid\u00e8le \u00e0 ses valeurs familiales de citoyennet\u00e9 et de la\u00efcit\u00e9, propose des services dans un cadre familial.\" \/>\n<meta name=\"robots\" content=\"index, follow, max-snippet:-1, max-image-preview:large, max-video-preview:-1\" \/>\n<link rel=\"canonical\" href=\"https:\/\/afib-bvs.fr\/index.php\/about\/\" \/>\n<meta property=\"og:locale\" content=\"fr_FR\" \/>\n<meta property=\"og:type\" content=\"article\" \/>\n<meta property=\"og:title\" content=\"AFIB - Association Familiale Intercommunale de Beauvais - L&#039;AFIB\" \/>\n<meta property=\"og:description\" content=\"L\u2019AFIB fid\u00e8le \u00e0 ses valeurs familiales de citoyennet\u00e9 et de la\u00efcit\u00e9, propose des services dans un cadre familial.\" \/>\n<meta property=\"og:url\" content=\"https:\/\/afib-bvs.fr\/index.php\/about\/\" \/>\n<meta property=\"og:site_name\" content=\"AFIB - Association Familiale Intercommunale de Beauvais\" \/>\n<meta property=\"article:publisher\" content=\"https:\/\/www.facebook.com\/afibeauvais60\" \/>\n<meta property=\"article:modified_time\" content=\"2025-09-17T15:31:30+00:00\" \/>\n<meta property=\"og:image\" content=\"https:\/\/afib-bvs.fr\/afib\/wp-content\/uploads\/2021\/12\/AG2021.jpg\" \/>\n\t<meta property=\"og:image:width\" content=\"1349\" \/>\n\t<meta property=\"og:image:height\" content=\"759\" \/>\n\t<meta property=\"og:image:type\" content=\"image\/jpeg\" \/>\n<meta name=\"twitter:card\" content=\"summary_large_image\" \/>\n<meta name=\"twitter:label1\" content=\"Dur\u00e9e de lecture estim\u00e9e\" \/>\n\t<meta name=\"twitter:data1\" content=\"4 minutes\" \/>\n<script type=\"application\/ld+json\" class=\"yoast-schema-graph\">{\"@context\":\"https:\\\/\\\/schema.org\",\"@graph\":[{\"@type\":\"WebPage\",\"@id\":\"https:\\\/\\\/afib-bvs.fr\\\/index.php\\\/about\\\/\",\"url\":\"https:\\\/\\\/afib-bvs.fr\\\/index.php\\\/about\\\/\",\"name\":\"AFIB - Association Familiale Intercommunale de Beauvais - L'AFIB\",\"isPartOf\":{\"@id\":\"https:\\\/\\\/afib-bvs.fr\\\/#website\"},\"primaryImageOfPage\":{\"@id\":\"https:\\\/\\\/afib-bvs.fr\\\/index.php\\\/about\\\/#primaryimage\"},\"image\":{\"@id\":\"https:\\\/\\\/afib-bvs.fr\\\/index.php\\\/about\\\/#primaryimage\"},\"thumbnailUrl\":\"http:\\\/\\\/associationfamiliale.fr\\\/afib\\\/wp-content\\\/uploads\\\/2021\\\/12\\\/AG2021.jpg\",\"datePublished\":\"2021-05-18T08:13:45+00:00\",\"dateModified\":\"2025-09-17T15:31:30+00:00\",\"description\":\"L\u2019AFIB fid\u00e8le \u00e0 ses valeurs familiales de citoyennet\u00e9 et de la\u00efcit\u00e9, propose des services dans un cadre familial.\",\"breadcrumb\":{\"@id\":\"https:\\\/\\\/afib-bvs.fr\\\/index.php\\\/about\\\/#breadcrumb\"},\"inLanguage\":\"fr-FR\",\"potentialAction\":[{\"@type\":\"ReadAction\",\"target\":[\"https:\\\/\\\/afib-bvs.fr\\\/index.php\\\/about\\\/\"]}]},{\"@type\":\"ImageObject\",\"inLanguage\":\"fr-FR\",\"@id\":\"https:\\\/\\\/afib-bvs.fr\\\/index.php\\\/about\\\/#primaryimage\",\"url\":\"http:\\\/\\\/associationfamiliale.fr\\\/afib\\\/wp-content\\\/uploads\\\/2021\\\/12\\\/AG2021.jpg\",\"contentUrl\":\"http:\\\/\\\/associationfamiliale.fr\\\/afib\\\/wp-content\\\/uploads\\\/2021\\\/12\\\/AG2021.jpg\"},{\"@type\":\"BreadcrumbList\",\"@id\":\"https:\\\/\\\/afib-bvs.fr\\\/index.php\\\/about\\\/#breadcrumb\",\"itemListElement\":[{\"@type\":\"ListItem\",\"position\":1,\"name\":\"Accueil\",\"item\":\"https:\\\/\\\/afib-bvs.fr\\\/\"},{\"@type\":\"ListItem\",\"position\":2,\"name\":\"L&rsquo;AFIB\"}]},{\"@type\":\"WebSite\",\"@id\":\"https:\\\/\\\/afib-bvs.fr\\\/#website\",\"url\":\"https:\\\/\\\/afib-bvs.fr\\\/\",\"name\":\"AFIB - Association Familiale Intercommunale de Beauvais\",\"description\":\"&quot;Au service des familles&quot;\",\"publisher\":{\"@id\":\"https:\\\/\\\/afib-bvs.fr\\\/#organization\"},\"potentialAction\":[{\"@type\":\"SearchAction\",\"target\":{\"@type\":\"EntryPoint\",\"urlTemplate\":\"https:\\\/\\\/afib-bvs.fr\\\/?s={search_term_string}\"},\"query-input\":{\"@type\":\"PropertyValueSpecification\",\"valueRequired\":true,\"valueName\":\"search_term_string\"}}],\"inLanguage\":\"fr-FR\"},{\"@type\":\"Organization\",\"@id\":\"https:\\\/\\\/afib-bvs.fr\\\/#organization\",\"name\":\"AFIB - Association Familiale Intercommunale de Beauvais\",\"url\":\"https:\\\/\\\/afib-bvs.fr\\\/\",\"logo\":{\"@type\":\"ImageObject\",\"inLanguage\":\"fr-FR\",\"@id\":\"https:\\\/\\\/afib-bvs.fr\\\/#\\\/schema\\\/logo\\\/image\\\/\",\"url\":\"https:\\\/\\\/afib-bvs.fr\\\/afib\\\/wp-content\\\/uploads\\\/2022\\\/12\\\/LOGO-AFIB_min2.jpg\",\"contentUrl\":\"https:\\\/\\\/afib-bvs.fr\\\/afib\\\/wp-content\\\/uploads\\\/2022\\\/12\\\/LOGO-AFIB_min2.jpg\",\"width\":810,\"height\":1299,\"caption\":\"AFIB - Association Familiale Intercommunale de Beauvais\"},\"image\":{\"@id\":\"https:\\\/\\\/afib-bvs.fr\\\/#\\\/schema\\\/logo\\\/image\\\/\"},\"sameAs\":[\"https:\\\/\\\/www.facebook.com\\\/afibeauvais60\"]}]}<\/script>\n<!-- \/ Yoast SEO plugin. -->","yoast_head_json":{"title":"AFIB - Association Familiale Intercommunale de Beauvais - L'AFIB","description":"L\u2019AFIB fid\u00e8le \u00e0 ses valeurs familiales de citoyennet\u00e9 et de la\u00efcit\u00e9, propose des services dans un cadre familial.","robots":{"index":"index","follow":"follow","max-snippet":"max-snippet:-1","max-image-preview":"max-image-preview:large","max-video-preview":"max-video-preview:-1"},"canonical":"https:\/\/afib-bvs.fr\/index.php\/about\/","og_locale":"fr_FR","og_type":"article","og_title":"AFIB - Association Familiale Intercommunale de Beauvais - L'AFIB","og_description":"L\u2019AFIB fid\u00e8le \u00e0 ses valeurs familiales de citoyennet\u00e9 et de la\u00efcit\u00e9, propose des services dans un cadre familial.","og_url":"https:\/\/afib-bvs.fr\/index.php\/about\/","og_site_name":"AFIB - Association Familiale Intercommunale de Beauvais","article_publisher":"https:\/\/www.facebook.com\/afibeauvais60","article_modified_time":"2025-09-17T15:31:30+00:00","og_image":[{"width":1349,"height":759,"url":"https:\/\/afib-bvs.fr\/afib\/wp-content\/uploads\/2021\/12\/AG2021.jpg","type":"image\/jpeg"}],"twitter_card":"summary_large_image","twitter_misc":{"Dur\u00e9e de lecture estim\u00e9e":"4 minutes"},"schema":{"@context":"https:\/\/schema.org","@graph":[{"@type":"WebPage","@id":"https:\/\/afib-bvs.fr\/index.php\/about\/","url":"https:\/\/afib-bvs.fr\/index.php\/about\/","name":"AFIB - Association Familiale Intercommunale de Beauvais - L'AFIB","isPartOf":{"@id":"https:\/\/afib-bvs.fr\/#website"},"primaryImageOfPage":{"@id":"https:\/\/afib-bvs.fr\/index.php\/about\/#primaryimage"},"image":{"@id":"https:\/\/afib-bvs.fr\/index.php\/about\/#primaryimage"},"thumbnailUrl":"http:\/\/associationfamiliale.fr\/afib\/wp-content\/uploads\/2021\/12\/AG2021.jpg","datePublished":"2021-05-18T08:13:45+00:00","dateModified":"2025-09-17T15:31:30+00:00","description":"L\u2019AFIB fid\u00e8le \u00e0 ses valeurs familiales de citoyennet\u00e9 et de la\u00efcit\u00e9, propose des services dans un cadre familial.","breadcrumb":{"@id":"https:\/\/afib-bvs.fr\/index.php\/about\/#breadcrumb"},"inLanguage":"fr-FR","potentialAction":[{"@type":"ReadAction","target":["https:\/\/afib-bvs.fr\/index.php\/about\/"]}]},{"@type":"ImageObject","inLanguage":"fr-FR","@id":"https:\/\/afib-bvs.fr\/index.php\/about\/#primaryimage","url":"http:\/\/associationfamiliale.fr\/afib\/wp-content\/uploads\/2021\/12\/AG2021.jpg","contentUrl":"http:\/\/associationfamiliale.fr\/afib\/wp-content\/uploads\/2021\/12\/AG2021.jpg"},{"@type":"BreadcrumbList","@id":"https:\/\/afib-bvs.fr\/index.php\/about\/#breadcrumb","itemListElement":[{"@type":"ListItem","position":1,"name":"Accueil","item":"https:\/\/afib-bvs.fr\/"},{"@type":"ListItem","position":2,"name":"L&rsquo;AFIB"}]},{"@type":"WebSite","@id":"https:\/\/afib-bvs.fr\/#website","url":"https:\/\/afib-bvs.fr\/","name":"AFIB - Association Familiale Intercommunale de Beauvais","description":"&quot;Au service des familles&quot;","publisher":{"@id":"https:\/\/afib-bvs.fr\/#organization"},"potentialAction":[{"@type":"SearchAction","target":{"@type":"EntryPoint","urlTemplate":"https:\/\/afib-bvs.fr\/?s={search_term_string}"},"query-input":{"@type":"PropertyValueSpecification","valueRequired":true,"valueName":"search_term_string"}}],"inLanguage":"fr-FR"},{"@type":"Organization","@id":"https:\/\/afib-bvs.fr\/#organization","name":"AFIB - Association Familiale Intercommunale de Beauvais","url":"https:\/\/afib-bvs.fr\/","logo":{"@type":"ImageObject","inLanguage":"fr-FR","@id":"https:\/\/afib-bvs.fr\/#\/schema\/logo\/image\/","url":"https:\/\/afib-bvs.fr\/afib\/wp-content\/uploads\/2022\/12\/LOGO-AFIB_min2.jpg","contentUrl":"https:\/\/afib-bvs.fr\/afib\/wp-content\/uploads\/2022\/12\/LOGO-AFIB_min2.jpg","width":810,"height":1299,"caption":"AFIB - Association Familiale Intercommunale de Beauvais"},"image":{"@id":"https:\/\/afib-bvs.fr\/#\/schema\/logo\/image\/"},"sameAs":["https:\/\/www.facebook.com\/afibeauvais60"]}]}},"_links":{"self":[{"href":"https:\/\/afib-bvs.fr\/index.php\/wp-json\/wp\/v2\/pages\/366","targetHints":{"allow":["GET"]}}],"collection":[{"href":"https:\/\/afib-bvs.fr\/index.php\/wp-json\/wp\/v2\/pages"}],"about":[{"href":"https:\/\/afib-bvs.fr\/index.php\/wp-json\/wp\/v2\/types\/page"}],"author":[{"embeddable":true,"href":"https:\/\/afib-bvs.fr\/index.php\/wp-json\/wp\/v2\/users\/1"}],"replies":[{"embeddable":true,"href":"https:\/\/afib-bvs.fr\/index.php\/wp-json\/wp\/v2\/comments?post=366"}],"version-history":[{"count":35,"href":"https:\/\/afib-bvs.fr\/index.php\/wp-json\/wp\/v2\/pages\/366\/revisions"}],"predecessor-version":[{"id":1942,"href":"https:\/\/afib-bvs.fr\/index.php\/wp-json\/wp\/v2\/pages\/366\/revisions\/1942"}],"wp:attachment":[{"href":"https:\/\/afib-bvs.fr\/index.php\/wp-json\/wp\/v2\/media?parent=366"}],"curies":[{"name":"wp","href":"https:\/\/api.w.org\/{rel}","templated":true}]}}